{"id":7,"date":"2022-11-15T13:36:08","date_gmt":"2022-11-15T12:36:08","guid":{"rendered":"http:\/\/cottage-la-bretesche.com\/?page_id=7"},"modified":"2023-04-11T13:46:19","modified_gmt":"2023-04-11T11:46:19","slug":"accueil","status":"publish","type":"page","link":"https:\/\/cottage-la-bretesche.com\/","title":{"rendered":"Accueil"},"content":{"rendered":"\t\t<div data-elementor-type=\"wp-page\" data-elementor-id=\"7\" class=\"elementor elementor-7\">\n\t\t\t\t\t\t\t\t\t<section class=\"elementor-section elementor-top-section elementor-element elementor-element-95d21ad elementor-section-boxed elementor-section-height-default elementor-section-height-default\" data-id=\"95d21ad\" data-element_type=\"section\">\n\t\t\t\t\t\t<div class=\"elementor-container elementor-column-gap-default\">\n\t\t\t\t\t<div class=\"elementor-column elementor-col-100 elementor-top-column elementor-element elementor-element-b05bd44\" data-id=\"b05bd44\" data-element_type=\"column\">\n\t\t\t<div class=\"elementor-widget-wrap elementor-element-populated\">\n\t\t\t\t\t\t\t\t<div class=\"elementor-element elementor-element-d7a506a elementor-widget elementor-widget-image\" data-id=\"d7a506a\" data-element_type=\"widget\" data-widget_type=\"image.default\">\n\t\t\t\t<div class=\"elementor-widget-container\">\n\t\t\t<style>\/*! elementor - v3.8.1 - 13-11-2022 *\/\n.elementor-widget-image{text-align:center}.elementor-widget-image a{display:inline-block}.elementor-widget-image a img[src$=\".svg\"]{width:48px}.elementor-widget-image img{vertical-align:middle;display:inline-block}<\/style>\t\t\t\t\t\t\t\t\t\t\t\t<img loading=\"lazy\" decoding=\"async\" width=\"1024\" height=\"683\" src=\"https:\/\/cottage-la-bretesche.com\/wp-content\/uploads\/2022\/11\/autour-3-1024x683.jpg\" class=\"attachment-large size-large\" alt=\"\" srcset=\"https:\/\/cottage-la-bretesche.com\/wp-content\/uploads\/2022\/11\/autour-3-1024x683.jpg 1024w, https:\/\/cottage-la-bretesche.com\/wp-content\/uploads\/2022\/11\/autour-3-300x200.jpg 300w, https:\/\/cottage-la-bretesche.com\/wp-content\/uploads\/2022\/11\/autour-3-768x512.jpg 768w, https:\/\/cottage-la-bretesche.com\/wp-content\/uploads\/2022\/11\/autour-3-1536x1024.jpg 1536w, https:\/\/cottage-la-bretesche.com\/wp-content\/uploads\/2022\/11\/autour-3-2048x1365.jpg 2048w\" sizes=\"auto, (max-width: 1024px) 100vw, 1024px\" \/>\t\t\t\t\t\t\t\t\t\t\t\t\t\t\t<\/div>\n\t\t\t\t<\/div>\n\t\t\t\t<div class=\"elementor-element elementor-element-d2bbbbc elementor-widget elementor-widget-text-editor\" data-id=\"d2bbbbc\" data-element_type=\"widget\" data-widget_type=\"text-editor.default\">\n\t\t\t\t<div class=\"elementor-widget-container\">\n\t\t\t<style>\/*! elementor - v3.8.1 - 13-11-2022 *\/\n.elementor-widget-text-editor.elementor-drop-cap-view-stacked .elementor-drop-cap{background-color:#818a91;color:#fff}.elementor-widget-text-editor.elementor-drop-cap-view-framed .elementor-drop-cap{color:#818a91;border:3px solid;background-color:transparent}.elementor-widget-text-editor:not(.elementor-drop-cap-view-default) .elementor-drop-cap{margin-top:8px}.elementor-widget-text-editor:not(.elementor-drop-cap-view-default) .elementor-drop-cap-letter{width:1em;height:1em}.elementor-widget-text-editor .elementor-drop-cap{float:left;text-align:center;line-height:1;font-size:50px}.elementor-widget-text-editor .elementor-drop-cap-letter{display:inline-block}<\/style>\t\t\t\t<p>Le Domaine de la Bretesche est r\u00e9put\u00e9 pour son Ch\u00e2teau historique et son magnifique golf de 18 trous.\u00a0Celui-ci est class\u00e9 dans les 40 plus beau de France. Vous trouverez dans cet univers calme et s\u00e9r\u00e9nit\u00e9. Vous pourrez vous livrer \u00e0 de longues promenades dans son parc de 250ha.<\/p><p>Les restaurants, le Club House et le Spa vous attendent \u00e0 bras ouvert. Il ne reste plus qu&rsquo;a se laisser bercer par la douceur de ce lieu magique &#8230;.ou encore profiter d&rsquo;une magnifique journ\u00e9e au bord de la mer ou encore vous \u00e9vadez sur les \u00eeles avoisinantes !<\/p><p>Dot\u00e9 d&rsquo;une terrasse et offrant une vue sur le jardin,<strong> le Lovely Cottage<\/strong>\u00a0et <strong>la Vall\u00e9jade<\/strong> sont situ\u00e9s \u00e0 Missillac, \u00e0 35 km du centre de conventions Atlantia, de La Baule et de la gare de Saint-Nazaire et \u00e0 34 km de la gare de La Baule-Escoublac.<\/p><p>Ces cottages peuvent accueillir de 2 \u00e0 4 personnes et sont \u00e9quip\u00e9s d&rsquo;une t\u00e9l\u00e9vision, d&rsquo;une cuisine enti\u00e8rement \u00e9quip\u00e9e avec un lave-vaisselle, un micro-ondes, un lave-linge, un r\u00e9frig\u00e9rateur et des plaques de cuisson. Les serviettes et le linge de lit sont fournis L&rsquo;\u00e9tablissement poss\u00e8de un espace ext\u00e9rieur avec une terrasse et un salon de jardin ainsi qu&rsquo;un parking priv\u00e9.<\/p>\t\t\t\t\t\t<\/div>\n\t\t\t\t<\/div>\n\t\t\t\t\t<\/div>\n\t\t<\/div>\n\t\t\t\t\t\t\t<\/div>\n\t\t<\/section>\n\t\t\t\t\t\t\t<\/div>\n\t\t","protected":false},"excerpt":{"rendered":"<p>Le Domaine de la Bretesche est r\u00e9put\u00e9 pour son Ch\u00e2teau historique et son magnifique golf de 18 trous.\u00a0Celui-ci est class\u00e9 dans les 40 plus beau de France. Vous trouverez dans cet univers calme et s\u00e9r\u00e9nit\u00e9. Vous pourrez vous livrer \u00e0 de longues promenades dans son parc de 250ha. Les restaurants, le Club House et le [&hellip;]<\/p>\n","protected":false},"author":1,"featured_media":0,"parent":0,"menu_order":0,"comment_status":"closed","ping_status":"closed","template":"","meta":{"footnotes":""},"class_list":["post-7","page","type-page","status-publish","hentry","entry"],"_links":{"self":[{"href":"https:\/\/cottage-la-bretesche.com\/index.php\/wp-json\/wp\/v2\/pages\/7","targetHints":{"allow":["GET"]}}],"collection":[{"href":"https:\/\/cottage-la-bretesche.com\/index.php\/wp-json\/wp\/v2\/pages"}],"about":[{"href":"https:\/\/cottage-la-bretesche.com\/index.php\/wp-json\/wp\/v2\/types\/page"}],"author":[{"embeddable":true,"href":"https:\/\/cottage-la-bretesche.com\/index.php\/wp-json\/wp\/v2\/users\/1"}],"replies":[{"embeddable":true,"href":"https:\/\/cottage-la-bretesche.com\/index.php\/wp-json\/wp\/v2\/comments?post=7"}],"version-history":[{"count":25,"href":"https:\/\/cottage-la-bretesche.com\/index.php\/wp-json\/wp\/v2\/pages\/7\/revisions"}],"predecessor-version":[{"id":148,"href":"https:\/\/cottage-la-bretesche.com\/index.php\/wp-json\/wp\/v2\/pages\/7\/revisions\/148"}],"wp:attachment":[{"href":"https:\/\/cottage-la-bretesche.com\/index.php\/wp-json\/wp\/v2\/media?parent=7"}],"curies":[{"name":"wp","href":"https:\/\/api.w.org\/{rel}","templated":true}]}}